{"id":886,"date":"2024-09-17T17:30:32","date_gmt":"2024-09-17T21:30:32","guid":{"rendered":"https:\/\/swissh.com\/?page_id=886"},"modified":"2024-12-09T12:34:34","modified_gmt":"2024-12-09T17:34:34","slug":"slushmachines","status":"publish","type":"page","link":"https:\/\/swissh.com\/fr\/slushmachines\/","title":{"rendered":"SlushMachines"},"content":{"rendered":"<div data-elementor-type=\"wp-page\" data-elementor-id=\"886\" class=\"elementor elementor-886\" data-elementor-post-type=\"page\">\n\t\t\t\t<div class=\"elementor-element elementor-element-b61b51b e-flex e-con-boxed e-con e-parent\" data-id=\"b61b51b\" data-element_type=\"container\" data-settings=\"{&quot;background_background&quot;:&quot;classic&quot;}\">\n\t\t\t\t\t<div class=\"e-con-inner\">\n\t\t\t\t<div class=\"elementor-element elementor-element-2227e73 elementor-widget elementor-widget-heading\" data-id=\"2227e73\" data-element_type=\"widget\" data-widget_type=\"heading.default\">\n\t\t\t\t<div class=\"elementor-widget-container\">\n\t\t\t\t\t<h2 class=\"elementor-heading-title elementor-size-default\">MACHINES \u00c0 GRANIT\u00c9<\/h2>\t\t\t\t<\/div>\n\t\t\t\t<\/div>\n\t\t\t\t\t<\/div>\n\t\t\t\t<\/div>\n\t\t<div class=\"elementor-element elementor-element-4e3967c e-flex e-con-boxed e-con e-parent\" data-id=\"4e3967c\" data-element_type=\"container\">\n\t\t\t\t\t<div class=\"e-con-inner\">\n\t\t\t\t<div class=\"elementor-element elementor-element-7bca4ca elementor-widget elementor-widget-spacer\" data-id=\"7bca4ca\" data-element_type=\"widget\" data-widget_type=\"spacer.default\">\n\t\t\t\t<div class=\"elementor-widget-container\">\n\t\t\t\t\t\t\t<div class=\"elementor-spacer\">\n\t\t\t<div class=\"elementor-spacer-inner\"><\/div>\n\t\t<\/div>\n\t\t\t\t\t\t<\/div>\n\t\t\t\t<\/div>\n\t\t\t\t\t<\/div>\n\t\t\t\t<\/div>\n\t\t<div class=\"elementor-element elementor-element-7cb978e e-flex e-con-boxed e-con e-parent\" data-id=\"7cb978e\" data-element_type=\"container\" data-settings=\"{&quot;background_background&quot;:&quot;classic&quot;}\">\n\t\t\t\t\t<div class=\"e-con-inner\">\n\t\t<div class=\"elementor-element elementor-element-be23f10 e-con-full e-flex e-con e-child\" data-id=\"be23f10\" data-element_type=\"container\">\n\t\t\t\t<div class=\"elementor-element elementor-element-1eada16 elementor-widget elementor-widget-image\" data-id=\"1eada16\" data-element_type=\"widget\" data-widget_type=\"image.default\">\n\t\t\t\t<div class=\"elementor-widget-container\">\n\t\t\t\t\t\t\t\t\t\t\t\t\t\t\t<img fetchpriority=\"high\" decoding=\"async\" width=\"599\" height=\"233\" src=\"https:\/\/swissh.com\/wp-content\/uploads\/2024\/09\/slushmachines_CAB.jpg\" class=\"attachment-large size-large wp-image-889\" alt=\"\" srcset=\"https:\/\/swissh.com\/wp-content\/uploads\/2024\/09\/slushmachines_CAB.jpg 599w, https:\/\/swissh.com\/wp-content\/uploads\/2024\/09\/slushmachines_CAB-300x117.jpg 300w\" sizes=\"(max-width: 599px) 100vw, 599px\" \/>\t\t\t\t\t\t\t\t\t\t\t\t\t\t\t<\/div>\n\t\t\t\t<\/div>\n\t\t\t\t<\/div>\n\t\t<div class=\"elementor-element elementor-element-8e69b49 e-con-full e-flex e-con e-child\" data-id=\"8e69b49\" data-element_type=\"container\">\n\t\t<div class=\"elementor-element elementor-element-9e2e3b6 e-con-full e-flex e-con e-child\" data-id=\"9e2e3b6\" data-element_type=\"container\">\n\t\t\t\t<div class=\"elementor-element elementor-element-d1fb83b langfix elementor-widget elementor-widget-heading\" data-id=\"d1fb83b\" data-element_type=\"widget\" data-widget_type=\"heading.default\">\n\t\t\t\t<div class=\"elementor-widget-container\">\n\t\t\t\t\t<h2 class=\"elementor-heading-title elementor-size-default\">D\u00e9couvrez la passion GRANITALY<\/h2>\t\t\t\t<\/div>\n\t\t\t\t<\/div>\n\t\t\t\t<div class=\"elementor-element elementor-element-f21122f langfix elementor-widget elementor-widget-heading\" data-id=\"f21122f\" data-element_type=\"widget\" data-widget_type=\"heading.default\">\n\t\t\t\t<div class=\"elementor-widget-container\">\n\t\t\t\t\t<h2 class=\"elementor-heading-title elementor-size-default\">Maintenant au Canada, en exclusivit\u00e9 chez Swissh<\/h2>\t\t\t\t<\/div>\n\t\t\t\t<\/div>\n\t\t\t\t<\/div>\n\t\t\t\t<div class=\"elementor-element elementor-element-6ee5e6d elementor-widget elementor-widget-heading\" data-id=\"6ee5e6d\" data-element_type=\"widget\" data-widget_type=\"heading.default\">\n\t\t\t\t<div class=\"elementor-widget-container\">\n\t\t\t\t\t<h2 class=\"elementor-heading-title elementor-size-default\">Chez Swissh, nous sommes fiers de proposer les machines \u00e0 granit\u00e9 de pointe de CAB, reconnues pour leur excellence en mati\u00e8re d&#039;innovation, de conception et de savoir-faire. Depuis plus de 30 ans, CAB se d\u00e9marque en repoussant constamment les limites de ce qui est possible sur le march\u00e9 des machines \u00e0 granit\u00e9.<\/h2>\t\t\t\t<\/div>\n\t\t\t\t<\/div>\n\t\t\t\t<\/div>\n\t\t\t\t\t<\/div>\n\t\t\t\t<\/div>\n\t\t<div class=\"elementor-element elementor-element-5fd9257 e-flex e-con-boxed e-con e-parent\" data-id=\"5fd9257\" data-element_type=\"container\">\n\t\t\t\t\t<div class=\"e-con-inner\">\n\t\t\t\t<div class=\"elementor-element elementor-element-89345a9 elementor-widget elementor-widget-spacer\" data-id=\"89345a9\" data-element_type=\"widget\" data-widget_type=\"spacer.default\">\n\t\t\t\t<div class=\"elementor-widget-container\">\n\t\t\t\t\t\t\t<div class=\"elementor-spacer\">\n\t\t\t<div class=\"elementor-spacer-inner\"><\/div>\n\t\t<\/div>\n\t\t\t\t\t\t<\/div>\n\t\t\t\t<\/div>\n\t\t\t\t\t<\/div>\n\t\t\t\t<\/div>\n\t\t<div class=\"elementor-element elementor-element-05f88ea e-flex e-con-boxed e-con e-parent\" data-id=\"05f88ea\" data-element_type=\"container\">\n\t\t\t\t\t<div class=\"e-con-inner\">\n\t\t<div class=\"elementor-element elementor-element-e4de665 e-con-full e-flex e-con e-child\" data-id=\"e4de665\" data-element_type=\"container\">\n\t\t<div class=\"elementor-element elementor-element-d4acf46 e-con-full e-flex e-con e-child\" data-id=\"d4acf46\" data-element_type=\"container\">\n\t\t\t\t<div class=\"elementor-element elementor-element-9211c60 elementor-view-default elementor-widget elementor-widget-icon\" data-id=\"9211c60\" data-element_type=\"widget\" data-widget_type=\"icon.default\">\n\t\t\t\t<div class=\"elementor-widget-container\">\n\t\t\t\t\t\t\t<div class=\"elementor-icon-wrapper\">\n\t\t\t<div class=\"elementor-icon\">\n\t\t\t<svg aria-hidden=\"true\" class=\"e-font-icon-svg e-fas-lightbulb\" viewbox=\"0 0 352 512\" xmlns=\"http:\/\/www.w3.org\/2000\/svg\"><path d=\"M96.06 454.35c.01 6.29 1.87 12.45 5.36 17.69l17.09 25.69a31.99 31.99 0 0 0 26.64 14.28h61.71a31.99 31.99 0 0 0 26.64-14.28l17.09-25.69a31.989 31.989 0 0 0 5.36-17.69l.04-38.35H96.01l.05 38.35zM0 176c0 44.37 16.45 84.85 43.56 115.78 16.52 18.85 42.36 58.23 52.21 91.45.04.26.07.52.11.78h160.24c.04-.26.07-.51.11-.78 9.85-33.22 35.69-72.6 52.21-91.45C335.55 260.85 352 220.37 352 176 352 78.61 272.91-.3 175.45 0 73.44.31 0 82.97 0 176zm176-80c-44.11 0-80 35.89-80 80 0 8.84-7.16 16-16 16s-16-7.16-16-16c0-61.76 50.24-112 112-112 8.84 0 16 7.16 16 16s-7.16 16-16 16z\"><\/path><\/svg>\t\t\t<\/div>\n\t\t<\/div>\n\t\t\t\t\t\t<\/div>\n\t\t\t\t<\/div>\n\t\t\t\t<\/div>\n\t\t<div class=\"elementor-element elementor-element-92c6bee e-con-full e-flex e-con e-child\" data-id=\"92c6bee\" data-element_type=\"container\">\n\t\t\t\t<div class=\"elementor-element elementor-element-e4d2cc9 elementor-widget elementor-widget-heading\" data-id=\"e4d2cc9\" data-element_type=\"widget\" data-widget_type=\"heading.default\">\n\t\t\t\t<div class=\"elementor-widget-container\">\n\t\t\t\t\t<h4 class=\"elementor-heading-title elementor-size-default\">Innovation, Design, Excellence<\/h4>\t\t\t\t<\/div>\n\t\t\t\t<\/div>\n\t\t\t\t<div class=\"elementor-element elementor-element-af0fd26 elementor-widget elementor-widget-heading\" data-id=\"af0fd26\" data-element_type=\"widget\" data-widget_type=\"heading.default\">\n\t\t\t\t<div class=\"elementor-widget-container\">\n\t\t\t\t\t<h2 class=\"elementor-heading-title elementor-size-default\">Le succ\u00e8s de CAB repose sur l&#039;innovation, depuis les avanc\u00e9es techniques men\u00e9es par M. Caiano jusqu&#039;aux choix de conception r\u00e9volutionnaires. Chaque machine est m\u00e9ticuleusement con\u00e7ue, garantissant des normes \u00e9lev\u00e9es de qualit\u00e9 et de fiabilit\u00e9. Les machines CAB fonctionnent de mani\u00e8re optimale dans n&#039;importe quel environnement, quelles que soient les conditions ou la temp\u00e9rature.<\/h2>\t\t\t\t<\/div>\n\t\t\t\t<\/div>\n\t\t\t\t<\/div>\n\t\t\t\t<\/div>\n\t\t<div class=\"elementor-element elementor-element-be1922b e-con-full e-flex e-con e-child\" data-id=\"be1922b\" data-element_type=\"container\">\n\t\t<div class=\"elementor-element elementor-element-25727be e-con-full e-flex e-con e-child\" data-id=\"25727be\" data-element_type=\"container\">\n\t\t\t\t<div class=\"elementor-element elementor-element-7d47509 elementor-view-default elementor-widget elementor-widget-icon\" data-id=\"7d47509\" data-element_type=\"widget\" data-widget_type=\"icon.default\">\n\t\t\t\t<div class=\"elementor-widget-container\">\n\t\t\t\t\t\t\t<div class=\"elementor-icon-wrapper\">\n\t\t\t<div class=\"elementor-icon\">\n\t\t\t<svg aria-hidden=\"true\" class=\"e-font-icon-svg e-fas-shield-alt\" viewbox=\"0 0 512 512\" xmlns=\"http:\/\/www.w3.org\/2000\/svg\"><path d=\"M466.5 83.7l-192-80a48.15 48.15 0 0 0-36.9 0l-192 80C27.7 91.1 16 108.6 16 128c0 198.5 114.5 335.7 221.5 380.3 11.8 4.9 25.1 4.9 36.9 0C360.1 472.6 496 349.3 496 128c0-19.4-11.7-36.9-29.5-44.3zM256.1 446.3l-.1-381 175.9 73.3c-3.3 151.4-82.1 261.1-175.8 307.7z\"><\/path><\/svg>\t\t\t<\/div>\n\t\t<\/div>\n\t\t\t\t\t\t<\/div>\n\t\t\t\t<\/div>\n\t\t\t\t<\/div>\n\t\t<div class=\"elementor-element elementor-element-91253a9 e-con-full e-flex e-con e-child\" data-id=\"91253a9\" data-element_type=\"container\">\n\t\t\t\t<div class=\"elementor-element elementor-element-6e6d248 elementor-widget elementor-widget-heading\" data-id=\"6e6d248\" data-element_type=\"widget\" data-widget_type=\"heading.default\">\n\t\t\t\t<div class=\"elementor-widget-container\">\n\t\t\t\t\t<h4 class=\"elementor-heading-title elementor-size-default\">Fiabilit\u00e9 in\u00e9gal\u00e9e<\/h4>\t\t\t\t<\/div>\n\t\t\t\t<\/div>\n\t\t\t\t<div class=\"elementor-element elementor-element-de50980 elementor-widget elementor-widget-heading\" data-id=\"de50980\" data-element_type=\"widget\" data-widget_type=\"heading.default\">\n\t\t\t\t<div class=\"elementor-widget-container\">\n\t\t\t\t\t<h2 class=\"elementor-heading-title elementor-size-default\">Avec des normes de qualit\u00e9 de premier ordre, les machines \u00e0 granit\u00e9 CAB sont reconnues sur les march\u00e9s o\u00f9 la fiabilit\u00e9 est primordiale. Con\u00e7ues pour durer, elles offrent des performances exceptionnelles, ce qui en fait le leader du secteur.<\/h2>\t\t\t\t<\/div>\n\t\t\t\t<\/div>\n\t\t\t\t<\/div>\n\t\t\t\t<\/div>\n\t\t<div class=\"elementor-element elementor-element-24aca2f e-con-full e-flex e-con e-child\" data-id=\"24aca2f\" data-element_type=\"container\">\n\t\t<div class=\"elementor-element elementor-element-1d478c4 e-con-full e-flex e-con e-child\" data-id=\"1d478c4\" data-element_type=\"container\">\n\t\t\t\t<div class=\"elementor-element elementor-element-aec3b09 elementor-view-default elementor-widget elementor-widget-icon\" data-id=\"aec3b09\" data-element_type=\"widget\" data-widget_type=\"icon.default\">\n\t\t\t\t<div class=\"elementor-widget-container\">\n\t\t\t\t\t\t\t<div class=\"elementor-icon-wrapper\">\n\t\t\t<div class=\"elementor-icon\">\n\t\t\t<svg aria-hidden=\"true\" class=\"e-font-icon-svg e-fas-random\" viewbox=\"0 0 512 512\" xmlns=\"http:\/\/www.w3.org\/2000\/svg\"><path d=\"M504.971 359.029c9.373 9.373 9.373 24.569 0 33.941l-80 79.984c-15.01 15.01-40.971 4.49-40.971-16.971V416h-58.785a12.004 12.004 0 0 1-8.773-3.812l-70.556-75.596 53.333-57.143L352 336h32v-39.981c0-21.438 25.943-31.998 40.971-16.971l80 79.981zM12 176h84l52.781 56.551 53.333-57.143-70.556-75.596A11.999 11.999 0 0 0 122.785 96H12c-6.627 0-12 5.373-12 12v56c0 6.627 5.373 12 12 12zm372 0v39.984c0 21.46 25.961 31.98 40.971 16.971l80-79.984c9.373-9.373 9.373-24.569 0-33.941l-80-79.981C409.943 24.021 384 34.582 384 56.019V96h-58.785a12.004 12.004 0 0 0-8.773 3.812L96 336H12c-6.627 0-12 5.373-12 12v56c0 6.627 5.373 12 12 12h110.785c3.326 0 6.503-1.381 8.773-3.812L352 176h32z\"><\/path><\/svg>\t\t\t<\/div>\n\t\t<\/div>\n\t\t\t\t\t\t<\/div>\n\t\t\t\t<\/div>\n\t\t\t\t<\/div>\n\t\t<div class=\"elementor-element elementor-element-d3a9cb0 e-con-full e-flex e-con e-child\" data-id=\"d3a9cb0\" data-element_type=\"container\">\n\t\t\t\t<div class=\"elementor-element elementor-element-b1cbba8 elementor-widget elementor-widget-heading\" data-id=\"b1cbba8\" data-element_type=\"widget\" data-widget_type=\"heading.default\">\n\t\t\t\t<div class=\"elementor-widget-container\">\n\t\t\t\t\t<h4 class=\"elementor-heading-title elementor-size-default\">Polyvalence pour tous les march\u00e9s<\/h4>\t\t\t\t<\/div>\n\t\t\t\t<\/div>\n\t\t\t\t<div class=\"elementor-element elementor-element-a949975 elementor-widget elementor-widget-heading\" data-id=\"a949975\" data-element_type=\"widget\" data-widget_type=\"heading.default\">\n\t\t\t\t<div class=\"elementor-widget-container\">\n\t\t\t\t\t<h2 class=\"elementor-heading-title elementor-size-default\">La capacit\u00e9 de CAB \u00e0 cr\u00e9er des solutions sur mesure lui permet de se d\u00e9marquer en tant que marque polyvalente et dynamique. Que votre entreprise ait besoin de personnalisations sp\u00e9cifiques ou que vous ayez besoin d&#039;une machine qui s&#039;adapte \u00e0 des conditions variables, CAB a la solution.<\/h2>\t\t\t\t<\/div>\n\t\t\t\t<\/div>\n\t\t\t\t<\/div>\n\t\t\t\t<\/div>\n\t\t<div class=\"elementor-element elementor-element-cd90aca e-con-full e-flex e-con e-child\" data-id=\"cd90aca\" data-element_type=\"container\">\n\t\t<div class=\"elementor-element elementor-element-454dc73 e-con-full e-flex e-con e-child\" data-id=\"454dc73\" data-element_type=\"container\">\n\t\t\t\t<div class=\"elementor-element elementor-element-e2b9f98 elementor-view-default elementor-widget elementor-widget-icon\" data-id=\"e2b9f98\" data-element_type=\"widget\" data-widget_type=\"icon.default\">\n\t\t\t\t<div class=\"elementor-widget-container\">\n\t\t\t\t\t\t\t<div class=\"elementor-icon-wrapper\">\n\t\t\t<div class=\"elementor-icon\">\n\t\t\t<i aria-hidden=\"true\" class=\"faregular- fa-regular-chart-mixed-up-circle-dollar\"><\/i>\t\t\t<\/div>\n\t\t<\/div>\n\t\t\t\t\t\t<\/div>\n\t\t\t\t<\/div>\n\t\t\t\t<\/div>\n\t\t<div class=\"elementor-element elementor-element-8cec190 e-con-full e-flex e-con e-child\" data-id=\"8cec190\" data-element_type=\"container\">\n\t\t\t\t<div class=\"elementor-element elementor-element-e5cfd05 elementor-widget elementor-widget-heading\" data-id=\"e5cfd05\" data-element_type=\"widget\" data-widget_type=\"heading.default\">\n\t\t\t\t<div class=\"elementor-widget-container\">\n\t\t\t\t\t<h4 class=\"elementor-heading-title elementor-size-default\">Maximisez vos profits<\/h4>\t\t\t\t<\/div>\n\t\t\t\t<\/div>\n\t\t\t\t<div class=\"elementor-element elementor-element-b36b7f3 elementor-widget elementor-widget-heading\" data-id=\"b36b7f3\" data-element_type=\"widget\" data-widget_type=\"heading.default\">\n\t\t\t\t<div class=\"elementor-widget-container\">\n\t\t\t\t\t<h2 class=\"elementor-heading-title elementor-size-default\">Choisir CAB signifie bien plus qu&#039;investir dans une machine de haute qualit\u00e9. Avec des co\u00fbts d&#039;entretien et de maintenance r\u00e9duits, les machines \u00e0 granit\u00e9 CAB vous aident \u00e0 augmenter votre rentabilit\u00e9 en r\u00e9duisant les temps d&#039;arr\u00eat au minimum et en garantissant une efficacit\u00e9 maximale.<\/h2>\t\t\t\t<\/div>\n\t\t\t\t<\/div>\n\t\t\t\t<\/div>\n\t\t\t\t<\/div>\n\t\t\t\t\t<\/div>\n\t\t\t\t<\/div>\n\t\t<div class=\"elementor-element elementor-element-b420922 e-flex e-con-boxed e-con e-parent\" data-id=\"b420922\" data-element_type=\"container\">\n\t\t\t\t\t<div class=\"e-con-inner\">\n\t\t\t\t<div class=\"elementor-element elementor-element-68dea3e elementor-widget elementor-widget-spacer\" data-id=\"68dea3e\" data-element_type=\"widget\" data-widget_type=\"spacer.default\">\n\t\t\t\t<div class=\"elementor-widget-container\">\n\t\t\t\t\t\t\t<div class=\"elementor-spacer\">\n\t\t\t<div class=\"elementor-spacer-inner\"><\/div>\n\t\t<\/div>\n\t\t\t\t\t\t<\/div>\n\t\t\t\t<\/div>\n\t\t<div class=\"elementor-element elementor-element-0c5aa2f e-con-full blockorder e-flex e-con e-child\" data-id=\"0c5aa2f\" data-element_type=\"container\" data-settings=\"{&quot;background_background&quot;:&quot;classic&quot;}\">\n\t\t\t\t<div class=\"elementor-element elementor-element-520d28f elementor-widget elementor-widget-heading\" data-id=\"520d28f\" data-element_type=\"widget\" data-widget_type=\"heading.default\">\n\t\t\t\t<div class=\"elementor-widget-container\">\n\t\t\t\t\t<h2 class=\"elementor-heading-title elementor-size-default\">Pr\u00eat \u00e0 passer une commande ?<\/h2>\t\t\t\t<\/div>\n\t\t\t\t<\/div>\n\t\t\t\t<div class=\"elementor-element elementor-element-a97fcb4 elementor-widget elementor-widget-heading\" data-id=\"a97fcb4\" data-element_type=\"widget\" data-widget_type=\"heading.default\">\n\t\t\t\t<div class=\"elementor-widget-container\">\n\t\t\t\t\t<h2 class=\"elementor-heading-title elementor-size-default\">Vous cherchez \u00e0 vous procurer une machine \u00e0 granit\u00e9 ou avez besoin de pi\u00e8ces d\u00e9tach\u00e9es ? <br>Remplissez notre formulaire de commande simple et rapide pour commencer !<\/h2>\t\t\t\t<\/div>\n\t\t\t\t<\/div>\n\t\t\t\t<div class=\"elementor-element elementor-element-89f647e elementor-align-justify elementor-mobile-align-justify elementor-widget elementor-widget-button\" data-id=\"89f647e\" data-element_type=\"widget\" data-widget_type=\"button.default\">\n\t\t\t\t<div class=\"elementor-widget-container\">\n\t\t\t\t\t\t\t\t\t<div class=\"elementor-button-wrapper\">\n\t\t\t\t\t<a class=\"elementor-button elementor-button-link elementor-size-sm elementor-animation-shrink\" href=\"https:\/\/swissh.com\/fr\/orderform\/\">\n\t\t\t\t\t\t<span class=\"elementor-button-content-wrapper\">\n\t\t\t\t\t\t\t\t\t<span class=\"elementor-button-text\">REMPLISSEZ NOTRE FORMULAIRE DE COMMANDE<\/span>\n\t\t\t\t\t<\/span>\n\t\t\t\t\t<\/a>\n\t\t\t\t<\/div>\n\t\t\t\t\t\t\t\t<\/div>\n\t\t\t\t<\/div>\n\t\t\t\t<\/div>\n\t\t\t\t\t<\/div>\n\t\t\t\t<\/div>\n\t\t<div class=\"elementor-element elementor-element-519ef0a e-flex e-con-boxed e-con e-parent\" data-id=\"519ef0a\" data-element_type=\"container\">\n\t\t\t\t\t<div class=\"e-con-inner\">\n\t\t\t\t<div class=\"elementor-element elementor-element-7320f7a elementor-widget elementor-widget-spacer\" data-id=\"7320f7a\" data-element_type=\"widget\" data-widget_type=\"spacer.default\">\n\t\t\t\t<div class=\"elementor-widget-container\">\n\t\t\t\t\t\t\t<div class=\"elementor-spacer\">\n\t\t\t<div class=\"elementor-spacer-inner\"><\/div>\n\t\t<\/div>\n\t\t\t\t\t\t<\/div>\n\t\t\t\t<\/div>\n\t\t\t\t\t<\/div>\n\t\t\t\t<\/div>\n\t\t\t\t<\/div>","protected":false},"excerpt":{"rendered":"<p>SLUSH MACHINES Discover the GRANITALY Passion Now in Canada, Exclusively at Swissh At Swissh, we proudly offer the cutting-edge slush machines by CAB, known for their excellence in innovation, design, and craftsmanship. For over 30 years, CAB has set itself apart by constantly pushing the boundaries of what&#8217;s possible in the slush machine market. Innovation, [&hellip;]<\/p>","protected":false},"author":1,"featured_media":0,"parent":0,"menu_order":0,"comment_status":"closed","ping_status":"closed","template":"","meta":{"footnotes":""},"class_list":["post-886","page","type-page","status-publish","hentry"],"_links":{"self":[{"href":"https:\/\/swissh.com\/fr\/wp-json\/wp\/v2\/pages\/886","targetHints":{"allow":["GET"]}}],"collection":[{"href":"https:\/\/swissh.com\/fr\/wp-json\/wp\/v2\/pages"}],"about":[{"href":"https:\/\/swissh.com\/fr\/wp-json\/wp\/v2\/types\/page"}],"author":[{"embeddable":true,"href":"https:\/\/swissh.com\/fr\/wp-json\/wp\/v2\/users\/1"}],"replies":[{"embeddable":true,"href":"https:\/\/swissh.com\/fr\/wp-json\/wp\/v2\/comments?post=886"}],"version-history":[{"count":0,"href":"https:\/\/swissh.com\/fr\/wp-json\/wp\/v2\/pages\/886\/revisions"}],"wp:attachment":[{"href":"https:\/\/swissh.com\/fr\/wp-json\/wp\/v2\/media?parent=886"}],"curies":[{"name":"wp","href":"https:\/\/api.w.org\/{rel}","templated":true}]}}