{"id":409,"date":"2024-09-03T20:59:52","date_gmt":"2024-09-04T00:59:52","guid":{"rendered":"https:\/\/swissh.com\/?page_id=409"},"modified":"2024-12-06T14:56:58","modified_gmt":"2024-12-06T19:56:58","slug":"about","status":"publish","type":"page","link":"https:\/\/swissh.com\/fr\/about\/","title":{"rendered":"\u00c0 propos"},"content":{"rendered":"<div data-elementor-type=\"wp-page\" data-elementor-id=\"409\" class=\"elementor elementor-409\" data-elementor-post-type=\"page\">\n\t\t\t\t<div class=\"elementor-element elementor-element-0b98f78 e-flex e-con-boxed e-con e-parent\" data-id=\"0b98f78\" data-element_type=\"container\">\n\t\t\t\t\t<div class=\"e-con-inner\">\n\t\t\t\t<div class=\"elementor-element elementor-element-4de5573 elementor-widget elementor-widget-spacer\" data-id=\"4de5573\" data-element_type=\"widget\" data-widget_type=\"spacer.default\">\n\t\t\t\t<div class=\"elementor-widget-container\">\n\t\t\t\t\t\t\t<div class=\"elementor-spacer\">\n\t\t\t<div class=\"elementor-spacer-inner\"><\/div>\n\t\t<\/div>\n\t\t\t\t\t\t<\/div>\n\t\t\t\t<\/div>\n\t\t\t\t\t<\/div>\n\t\t\t\t<\/div>\n\t\t<div class=\"elementor-element elementor-element-1a04e97 e-flex e-con-boxed e-con e-parent\" data-id=\"1a04e97\" data-element_type=\"container\">\n\t\t\t\t\t<div class=\"e-con-inner\">\n\t\t\t\t<div class=\"elementor-element elementor-element-928272c elementor-view-default elementor-widget elementor-widget-icon\" data-id=\"928272c\" data-element_type=\"widget\" data-widget_type=\"icon.default\">\n\t\t\t\t<div class=\"elementor-widget-container\">\n\t\t\t\t\t\t\t<div class=\"elementor-icon-wrapper\">\n\t\t\t<div class=\"elementor-icon\">\n\t\t\t<svg aria-hidden=\"true\" class=\"e-font-icon-svg e-fas-users\" viewbox=\"0 0 640 512\" xmlns=\"http:\/\/www.w3.org\/2000\/svg\"><path d=\"M96 224c35.3 0 64-28.7 64-64s-28.7-64-64-64-64 28.7-64 64 28.7 64 64 64zm448 0c35.3 0 64-28.7 64-64s-28.7-64-64-64-64 28.7-64 64 28.7 64 64 64zm32 32h-64c-17.6 0-33.5 7.1-45.1 18.6 40.3 22.1 68.9 62 75.1 109.4h66c17.7 0 32-14.3 32-32v-32c0-35.3-28.7-64-64-64zm-256 0c61.9 0 112-50.1 112-112S381.9 32 320 32 208 82.1 208 144s50.1 112 112 112zm76.8 32h-8.3c-20.8 10-43.9 16-68.5 16s-47.6-6-68.5-16h-8.3C179.6 288 128 339.6 128 403.2V432c0 26.5 21.5 48 48 48h288c26.5 0 48-21.5 48-48v-28.8c0-63.6-51.6-115.2-115.2-115.2zm-223.7-13.4C161.5 263.1 145.6 256 128 256H64c-35.3 0-64 28.7-64 64v32c0 17.7 14.3 32 32 32h65.9c6.3-47.4 34.9-87.3 75.2-109.4z\"><\/path><\/svg>\t\t\t<\/div>\n\t\t<\/div>\n\t\t\t\t\t\t<\/div>\n\t\t\t\t<\/div>\n\t\t\t\t<div class=\"elementor-element elementor-element-744aa9f elementor-widget elementor-widget-heading\" data-id=\"744aa9f\" data-element_type=\"widget\" data-widget_type=\"heading.default\">\n\t\t\t\t<div class=\"elementor-widget-container\">\n\t\t\t\t\t<h2 class=\"elementor-heading-title elementor-size-default\">\u00c0 PROPOS DE NOUS<\/h2>\t\t\t\t<\/div>\n\t\t\t\t<\/div>\n\t\t\t\t\t<\/div>\n\t\t\t\t<\/div>\n\t\t<div class=\"elementor-element elementor-element-36c34a8 e-flex e-con-boxed e-con e-parent\" data-id=\"36c34a8\" data-element_type=\"container\">\n\t\t\t\t\t<div class=\"e-con-inner\">\n\t\t\t\t<div class=\"elementor-element elementor-element-5a49e73 elementor-widget-divider--view-line elementor-widget elementor-widget-divider\" data-id=\"5a49e73\" data-element_type=\"widget\" data-widget_type=\"divider.default\">\n\t\t\t\t<div class=\"elementor-widget-container\">\n\t\t\t\t\t\t\t<div class=\"elementor-divider\">\n\t\t\t<span class=\"elementor-divider-separator\">\n\t\t\t\t\t\t<\/span>\n\t\t<\/div>\n\t\t\t\t\t\t<\/div>\n\t\t\t\t<\/div>\n\t\t\t\t\t<\/div>\n\t\t\t\t<\/div>\n\t\t<div class=\"elementor-element elementor-element-20100e5 e-flex e-con-boxed e-con e-parent\" data-id=\"20100e5\" data-element_type=\"container\">\n\t\t\t\t\t<div class=\"e-con-inner\">\n\t\t\t\t<div class=\"elementor-element elementor-element-77ba2e0 elementor-widget elementor-widget-heading\" data-id=\"77ba2e0\" data-element_type=\"widget\" data-widget_type=\"heading.default\">\n\t\t\t\t<div class=\"elementor-widget-container\">\n\t\t\t\t\t<h2 class=\"elementor-heading-title elementor-size-default\">Notre histoire<\/h2>\t\t\t\t<\/div>\n\t\t\t\t<\/div>\n\t\t\t\t<div class=\"elementor-element elementor-element-1b661e9 elementor-widget elementor-widget-heading\" data-id=\"1b661e9\" data-element_type=\"widget\" data-widget_type=\"heading.default\">\n\t\t\t\t<div class=\"elementor-widget-container\">\n\t\t\t\t\t<h2 class=\"elementor-heading-title elementor-size-default\">Apporter l&#039;innovation suisse en Am\u00e9rique du Nord<\/h2>\t\t\t\t<\/div>\n\t\t\t\t<\/div>\n\t\t\t\t<div class=\"elementor-element elementor-element-acae458 elementor-widget elementor-widget-heading\" data-id=\"acae458\" data-element_type=\"widget\" data-widget_type=\"heading.default\">\n\t\t\t\t<div class=\"elementor-widget-container\">\n\t\t\t\t\t<h2 class=\"elementor-heading-title elementor-size-default\">Swissh Commercial Equipment a d\u00e9but\u00e9 son parcours au Canada en 1992, en apportant en Am\u00e9rique du Nord des lave-vaisselle commerciaux m\u00e9ticuleusement con\u00e7us et fabriqu\u00e9s en Suisse depuis la fin des ann\u00e9es 1960. Au fil des ans, notre technologie a \u00e9volu\u00e9, mais notre engagement \u00e0 fournir des r\u00e9sultats exceptionnels reste in\u00e9branlable.<\/h2>\t\t\t\t<\/div>\n\t\t\t\t<\/div>\n\t\t\t\t<div class=\"elementor-element elementor-element-768deb8 elementor-widget elementor-widget-spacer\" data-id=\"768deb8\" data-element_type=\"widget\" data-widget_type=\"spacer.default\">\n\t\t\t\t<div class=\"elementor-widget-container\">\n\t\t\t\t\t\t\t<div class=\"elementor-spacer\">\n\t\t\t<div class=\"elementor-spacer-inner\"><\/div>\n\t\t<\/div>\n\t\t\t\t\t\t<\/div>\n\t\t\t\t<\/div>\n\t\t\t\t<div class=\"elementor-element elementor-element-3706d5d elementor-widget elementor-widget-heading\" data-id=\"3706d5d\" data-element_type=\"widget\" data-widget_type=\"heading.default\">\n\t\t\t\t<div class=\"elementor-widget-container\">\n\t\t\t\t\t<h2 class=\"elementor-heading-title elementor-size-default\">Notre mission<\/h2>\t\t\t\t<\/div>\n\t\t\t\t<\/div>\n\t\t\t\t<div class=\"elementor-element elementor-element-85d55d8 elementor-widget elementor-widget-heading\" data-id=\"85d55d8\" data-element_type=\"widget\" data-widget_type=\"heading.default\">\n\t\t\t\t<div class=\"elementor-widget-container\">\n\t\t\t\t\t<h2 class=\"elementor-heading-title elementor-size-default\">Efficacit\u00e9 et responsabilit\u00e9 environnementale<\/h2>\t\t\t\t<\/div>\n\t\t\t\t<\/div>\n\t\t\t\t<div class=\"elementor-element elementor-element-4c29a9f elementor-widget elementor-widget-heading\" data-id=\"4c29a9f\" data-element_type=\"widget\" data-widget_type=\"heading.default\">\n\t\t\t\t<div class=\"elementor-widget-container\">\n\t\t\t\t\t<h2 class=\"elementor-heading-title elementor-size-default\">Chez Swissh Commercial Equipment, notre mission est de r\u00e9pondre \u00e0 la demande croissante de solutions de lavage de vaisselle plus propres et plus efficaces tout en respectant l&#039;environnement. Nous nous engageons \u00e0 fournir des lave-vaisselle non seulement rentables et sans probl\u00e8me, mais \u00e9galement offrant le rendement le plus \u00e9lev\u00e9 possible. Nos lave-vaisselle sont con\u00e7us avec de faibles besoins en eau, en \u00e9lectricit\u00e9 et en produits chimiques pour garantir \u00e0 la fois des performances sup\u00e9rieures et une durabilit\u00e9 environnementale.<\/h2>\t\t\t\t<\/div>\n\t\t\t\t<\/div>\n\t\t\t\t<div class=\"elementor-element elementor-element-e4baf85 elementor-widget elementor-widget-spacer\" data-id=\"e4baf85\" data-element_type=\"widget\" data-widget_type=\"spacer.default\">\n\t\t\t\t<div class=\"elementor-widget-container\">\n\t\t\t\t\t\t\t<div class=\"elementor-spacer\">\n\t\t\t<div class=\"elementor-spacer-inner\"><\/div>\n\t\t<\/div>\n\t\t\t\t\t\t<\/div>\n\t\t\t\t<\/div>\n\t\t\t\t<div class=\"elementor-element elementor-element-2ed3ff0 elementor-widget elementor-widget-heading\" data-id=\"2ed3ff0\" data-element_type=\"widget\" data-widget_type=\"heading.default\">\n\t\t\t\t<div class=\"elementor-widget-container\">\n\t\t\t\t\t<h2 class=\"elementor-heading-title elementor-size-default\">Nos produits<\/h2>\t\t\t\t<\/div>\n\t\t\t\t<\/div>\n\t\t\t\t<div class=\"elementor-element elementor-element-23d155d elementor-widget elementor-widget-heading\" data-id=\"23d155d\" data-element_type=\"widget\" data-widget_type=\"heading.default\">\n\t\t\t\t<div class=\"elementor-widget-container\">\n\t\t\t\t\t<h2 class=\"elementor-heading-title elementor-size-default\">Qualit\u00e9 et Innovation<\/h2>\t\t\t\t<\/div>\n\t\t\t\t<\/div>\n\t\t\t\t<div class=\"elementor-element elementor-element-01f65e1 elementor-widget elementor-widget-heading\" data-id=\"01f65e1\" data-element_type=\"widget\" data-widget_type=\"heading.default\">\n\t\t\t\t<div class=\"elementor-widget-container\">\n\t\t\t\t\t<h2 class=\"elementor-heading-title elementor-size-default\">Le Swissh 25PLC et le mod\u00e8le vertical Swissh 65PLC illustrent la qualit\u00e9 et l&#039;innovation de nos produits. Ces mod\u00e8les t\u00e9moignent de notre engagement envers le progr\u00e8s technologique et la fiabilit\u00e9. D\u00e9couvrez-en plus sur le Swissh 25PLC, le Swissh 65PLC et notre gamme compl\u00e8te de solutions de lavage de vaisselle commerciales.<\/h2>\t\t\t\t<\/div>\n\t\t\t\t<\/div>\n\t\t\t\t<div class=\"elementor-element elementor-element-47d2844 elementor-widget elementor-widget-heading\" data-id=\"47d2844\" data-element_type=\"widget\" data-widget_type=\"heading.default\">\n\t\t\t\t<div class=\"elementor-widget-container\">\n\t\t\t\t\t<h2 class=\"elementor-heading-title elementor-size-default\">Swissh Commercial Equipment est fier de son h\u00e9ritage et de sa r\u00e9putation d\u2019excellence dans l\u2019industrie.<br>Nous vous invitons \u00e0 en apprendre davantage sur la fa\u00e7on dont nos lave-vaisselle avanc\u00e9s peuvent r\u00e9pondre \u00e0 vos besoins commerciaux.<\/h2>\t\t\t\t<\/div>\n\t\t\t\t<\/div>\n\t\t\t\t<div class=\"elementor-element elementor-element-17beb62 elementor-widget elementor-widget-theme-site-logo elementor-widget-image\" data-id=\"17beb62\" data-element_type=\"widget\" data-widget_type=\"theme-site-logo.default\">\n\t\t\t\t<div class=\"elementor-widget-container\">\n\t\t\t\t\t\t\t\t\t\t\t<a href=\"https:\/\/swissh.com\/fr\">\n\t\t\t<img fetchpriority=\"high\" decoding=\"async\" width=\"2048\" height=\"1163\" src=\"https:\/\/swissh.com\/wp-content\/uploads\/2024\/09\/SWISSH_LOGO-2048x1163-1.webp\" class=\"attachment-full size-full wp-image-1870\" alt=\"\" srcset=\"https:\/\/swissh.com\/wp-content\/uploads\/2024\/09\/SWISSH_LOGO-2048x1163-1.webp 2048w, https:\/\/swissh.com\/wp-content\/uploads\/2024\/09\/SWISSH_LOGO-2048x1163-1-300x170.webp 300w, https:\/\/swissh.com\/wp-content\/uploads\/2024\/09\/SWISSH_LOGO-2048x1163-1-1024x582.webp 1024w, https:\/\/swissh.com\/wp-content\/uploads\/2024\/09\/SWISSH_LOGO-2048x1163-1-768x436.webp 768w, https:\/\/swissh.com\/wp-content\/uploads\/2024\/09\/SWISSH_LOGO-2048x1163-1-1536x872.webp 1536w, https:\/\/swissh.com\/wp-content\/uploads\/2024\/09\/SWISSH_LOGO-2048x1163-1-18x10.webp 18w, https:\/\/swissh.com\/wp-content\/uploads\/2024\/09\/SWISSH_LOGO-2048x1163-1-600x341.webp 600w\" sizes=\"(max-width: 2048px) 100vw, 2048px\" \/>\t\t\t\t<\/a>\n\t\t\t\t\t\t\t\t\t\t\t<\/div>\n\t\t\t\t<\/div>\n\t\t\t\t\t<\/div>\n\t\t\t\t<\/div>\n\t\t<div class=\"elementor-element elementor-element-54c22db e-flex e-con-boxed e-con e-parent\" data-id=\"54c22db\" data-element_type=\"container\">\n\t\t\t\t\t<div class=\"e-con-inner\">\n\t\t\t\t<div class=\"elementor-element elementor-element-b2bbaa5 elementor-widget elementor-widget-spacer\" data-id=\"b2bbaa5\" data-element_type=\"widget\" data-widget_type=\"spacer.default\">\n\t\t\t\t<div class=\"elementor-widget-container\">\n\t\t\t\t\t\t\t<div class=\"elementor-spacer\">\n\t\t\t<div class=\"elementor-spacer-inner\"><\/div>\n\t\t<\/div>\n\t\t\t\t\t\t<\/div>\n\t\t\t\t<\/div>\n\t\t\t\t\t<\/div>\n\t\t\t\t<\/div>\n\t\t\t\t<\/div>","protected":false},"excerpt":{"rendered":"<p>ABOUT US Our History Bringing Swiss Innovation to North America Swissh Commercial Equipment began its journey in Canada in 1992, bringing to North America commercial dishwashers that had been meticulously engineered and manufactured in Switzerland since the late 1960s. Over the years, our technology has evolved, but our commitment to delivering exceptional results remains steadfast. [&hellip;]<\/p>","protected":false},"author":1,"featured_media":0,"parent":0,"menu_order":0,"comment_status":"closed","ping_status":"closed","template":"","meta":{"footnotes":""},"class_list":["post-409","page","type-page","status-publish","hentry"],"_links":{"self":[{"href":"https:\/\/swissh.com\/fr\/wp-json\/wp\/v2\/pages\/409","targetHints":{"allow":["GET"]}}],"collection":[{"href":"https:\/\/swissh.com\/fr\/wp-json\/wp\/v2\/pages"}],"about":[{"href":"https:\/\/swissh.com\/fr\/wp-json\/wp\/v2\/types\/page"}],"author":[{"embeddable":true,"href":"https:\/\/swissh.com\/fr\/wp-json\/wp\/v2\/users\/1"}],"replies":[{"embeddable":true,"href":"https:\/\/swissh.com\/fr\/wp-json\/wp\/v2\/comments?post=409"}],"version-history":[{"count":0,"href":"https:\/\/swissh.com\/fr\/wp-json\/wp\/v2\/pages\/409\/revisions"}],"wp:attachment":[{"href":"https:\/\/swissh.com\/fr\/wp-json\/wp\/v2\/media?parent=409"}],"curies":[{"name":"wp","href":"https:\/\/api.w.org\/{rel}","templated":true}]}}