{"id":1195,"date":"2024-10-15T18:52:06","date_gmt":"2024-10-15T22:52:06","guid":{"rendered":"https:\/\/swissh.com\/?page_id=1195"},"modified":"2024-12-09T13:23:39","modified_gmt":"2024-12-09T18:23:39","slug":"water-filters","status":"publish","type":"page","link":"https:\/\/swissh.com\/fr\/water-filters\/","title":{"rendered":"Water Filters"},"content":{"rendered":"<div data-elementor-type=\"wp-page\" data-elementor-id=\"1195\" class=\"elementor elementor-1195\" data-elementor-post-type=\"page\">\n\t\t\t\t<div class=\"elementor-element elementor-element-e300ac7 e-flex e-con-boxed e-con e-parent\" data-id=\"e300ac7\" data-element_type=\"container\" data-settings=\"{&quot;background_background&quot;:&quot;classic&quot;}\">\n\t\t\t\t\t<div class=\"e-con-inner\">\n\t\t\t\t<div class=\"elementor-element elementor-element-1d4fbc1 elementor-widget elementor-widget-heading\" data-id=\"1d4fbc1\" data-element_type=\"widget\" data-widget_type=\"heading.default\">\n\t\t\t\t<div class=\"elementor-widget-container\">\n\t\t\t\t\t<h2 class=\"elementor-heading-title elementor-size-default\">MAVEA<\/h2>\t\t\t\t<\/div>\n\t\t\t\t<\/div>\n\t\t\t\t<div class=\"elementor-element elementor-element-8fb702a elementor-widget elementor-widget-heading\" data-id=\"8fb702a\" data-element_type=\"widget\" data-widget_type=\"heading.default\">\n\t\t\t\t<div class=\"elementor-widget-container\">\n\t\t\t\t\t<h2 class=\"elementor-heading-title elementor-size-default\">Excellence en filtration de l&#039;eau<\/h2>\t\t\t\t<\/div>\n\t\t\t\t<\/div>\n\t\t\t\t\t<\/div>\n\t\t\t\t<\/div>\n\t\t<div class=\"elementor-element elementor-element-0ab5cee e-flex e-con-boxed e-con e-parent\" data-id=\"0ab5cee\" data-element_type=\"container\">\n\t\t\t\t\t<div class=\"e-con-inner\">\n\t\t\t\t<div class=\"elementor-element elementor-element-142a990 elementor-hidden-tablet elementor-hidden-mobile elementor-widget elementor-widget-spacer\" data-id=\"142a990\" data-element_type=\"widget\" data-widget_type=\"spacer.default\">\n\t\t\t\t<div class=\"elementor-widget-container\">\n\t\t\t\t\t\t\t<div class=\"elementor-spacer\">\n\t\t\t<div class=\"elementor-spacer-inner\"><\/div>\n\t\t<\/div>\n\t\t\t\t\t\t<\/div>\n\t\t\t\t<\/div>\n\t\t<div class=\"elementor-element elementor-element-c478916 e-con-full e-flex e-con e-child\" data-id=\"c478916\" data-element_type=\"container\">\n\t\t<div class=\"elementor-element elementor-element-3447707 e-con-full e-flex e-con e-child\" data-id=\"3447707\" data-element_type=\"container\">\n\t\t\t\t<div class=\"elementor-element elementor-element-bfc9d70 elementor-widget elementor-widget-heading\" data-id=\"bfc9d70\" data-element_type=\"widget\" data-widget_type=\"heading.default\">\n\t\t\t\t<div class=\"elementor-widget-container\">\n\t\t\t\t\t<h2 class=\"elementor-heading-title elementor-size-default\">Solutions d&#039;eau haut de gamme pour les appareils \u00e9lectrom\u00e9nagers du quotidien<\/h2>\t\t\t\t<\/div>\n\t\t\t\t<\/div>\n\t\t\t\t<div class=\"elementor-element elementor-element-4d3e2c1 elementor-widget elementor-widget-heading\" data-id=\"4d3e2c1\" data-element_type=\"widget\" data-widget_type=\"heading.default\">\n\t\t\t\t<div class=\"elementor-widget-container\">\n\t\t\t\t\t<h2 class=\"elementor-heading-title elementor-size-default\"><b style=\"color:#ED1C24;\">MAVEA Professionnel<\/b> fournit des solutions haut de gamme pour la filtration de l&#039;eau hors domicile, adapt\u00e9es \u00e0 diverses applications, notamment les machines \u00e0 caf\u00e9, les fours et les lave-vaisselle. <b style=\"color:#ED1C24;\">Gamme de filtres PURITY<\/b> optimise la qualit\u00e9 de l\u2019eau, pr\u00e9vient l\u2019accumulation de calcaire et prolonge la dur\u00e9e de vie de votre \u00e9quipement.<\/h2>\t\t\t\t<\/div>\n\t\t\t\t<\/div>\n\t\t\t\t<div class=\"elementor-element elementor-element-d6fe7c4 elementor-widget elementor-widget-heading\" data-id=\"d6fe7c4\" data-element_type=\"widget\" data-widget_type=\"heading.default\">\n\t\t\t\t<div class=\"elementor-widget-container\">\n\t\t\t\t\t<h2 class=\"elementor-heading-title elementor-size-default\">Avec plus de 40 ans d&#039;expertise mondiale, les syst\u00e8mes de filtration MAVEA prot\u00e8gent votre investissement dans des machines de haute qualit\u00e9, garantissant des performances optimales et r\u00e9duisant les temps d&#039;arr\u00eat caus\u00e9s par le calcaire. Qu&#039;il s&#039;agisse de machines \u00e0 caf\u00e9, de distributeurs automatiques, de fours ou de refroidisseurs, les filtres MAVEA garantissent une qualit\u00e9 d&#039;eau constante et sup\u00e9rieure.<\/h2>\t\t\t\t<\/div>\n\t\t\t\t<\/div>\n\t\t\t\t<\/div>\n\t\t<div class=\"elementor-element elementor-element-d8d36e0 e-con-full e-flex e-con e-child\" data-id=\"d8d36e0\" data-element_type=\"container\">\n\t\t\t\t<div class=\"elementor-element elementor-element-f8e874c elementor-widget elementor-widget-image\" data-id=\"f8e874c\" data-element_type=\"widget\" data-widget_type=\"image.default\">\n\t\t\t\t<div class=\"elementor-widget-container\">\n\t\t\t\t\t\t\t\t\t\t\t\t\t\t\t<img fetchpriority=\"high\" decoding=\"async\" width=\"300\" height=\"219\" src=\"https:\/\/swissh.com\/wp-content\/uploads\/2024\/11\/MaveaLogo_Upscale-300x219.png\" class=\"attachment-medium size-medium wp-image-1285\" alt=\"\" srcset=\"https:\/\/swissh.com\/wp-content\/uploads\/2024\/11\/MaveaLogo_Upscale-300x219.png 300w, https:\/\/swissh.com\/wp-content\/uploads\/2024\/11\/MaveaLogo_Upscale.png 320w\" sizes=\"(max-width: 300px) 100vw, 300px\" \/>\t\t\t\t\t\t\t\t\t\t\t\t\t\t\t<\/div>\n\t\t\t\t<\/div>\n\t\t\t\t<\/div>\n\t\t\t\t<\/div>\n\t\t<div class=\"elementor-element elementor-element-8dfdf85 e-con-full e-flex e-con e-child\" data-id=\"8dfdf85\" data-element_type=\"container\" data-settings=\"{&quot;background_background&quot;:&quot;classic&quot;}\">\n\t\t\t\t<div class=\"elementor-element elementor-element-6147f5f elementor-widget elementor-widget-heading\" data-id=\"6147f5f\" data-element_type=\"widget\" data-widget_type=\"heading.default\">\n\t\t\t\t<div class=\"elementor-widget-container\">\n\t\t\t\t\t<h2 class=\"elementor-heading-title elementor-size-default\">Domaines d&#039;application<\/h2>\t\t\t\t<\/div>\n\t\t\t\t<\/div>\n\t\t\t\t<\/div>\n\t\t<div class=\"elementor-element elementor-element-f152f00 e-con-full e-flex e-con e-child\" data-id=\"f152f00\" data-element_type=\"container\">\n\t\t<div class=\"elementor-element elementor-element-cbce150 e-con-full e-flex e-con e-child\" data-id=\"cbce150\" data-element_type=\"container\">\n\t\t\t\t<div class=\"elementor-element elementor-element-fcd02c9 elementor-widget elementor-widget-heading\" data-id=\"fcd02c9\" data-element_type=\"widget\" data-widget_type=\"heading.default\">\n\t\t\t\t<div class=\"elementor-widget-container\">\n\t\t\t\t\t<h2 class=\"elementor-heading-title elementor-size-default\">Machines \u00e0 caf\u00e9 : vers la perfection<\/h2>\t\t\t\t<\/div>\n\t\t\t\t<\/div>\n\t\t\t\t<div class=\"elementor-element elementor-element-a62ff0c elementor-widget elementor-widget-text-editor\" data-id=\"a62ff0c\" data-element_type=\"widget\" data-widget_type=\"text-editor.default\">\n\t\t\t\t<div class=\"elementor-widget-container\">\n\t\t\t\t\t\t\t\t\t<h6><strong>Chaque tasse, un d\u00e9lice sensoriel<\/strong><\/h6>\nLes amateurs de caf\u00e9 exigent la perfection : <strong>ar\u00f4me riche, cr\u00e8me stable et \u00e9quilibre de saveur parfait<\/strong>Avec les filtres \u00e0 eau MAVEA, vous obtenez une qualit\u00e9 d&#039;eau constante et optimale qui am\u00e9liore chaque gorg\u00e9e. Que vous pr\u00e9pariez un expresso fort ou un latte cr\u00e9meux, nos filtres garantissent :\n<ul style=\"margin-bottom: 10px; margin-top: 10px;\">\n \t<li><strong>Go\u00fbt et ar\u00f4me am\u00e9lior\u00e9s<\/strong> pour une exp\u00e9rience de caf\u00e9 luxueuse.<\/li>\n \t<li>Int\u00e9gration uniforme d\u2019exhausteurs de go\u00fbt, comme le lait ou la cr\u00e8me.<\/li>\n \t<li>Une qualit\u00e9 d\u2019eau fiable qui favorise la long\u00e9vit\u00e9 de votre machine \u00e0 caf\u00e9.<\/li>\n<\/ul>\nTransformez la pr\u00e9paration du caf\u00e9 en un <strong>exp\u00e9rience sensorielle artistique<\/strong> avec les filtres \u00e0 eau MAVEA.\t\t\t\t\t\t\t\t<\/div>\n\t\t\t\t<\/div>\n\t\t\t\t<\/div>\n\t\t<div class=\"elementor-element elementor-element-5a37d6e e-con-full e-flex e-con e-child\" data-id=\"5a37d6e\" data-element_type=\"container\">\n\t\t\t\t<div class=\"elementor-element elementor-element-f92f6df elementor-widget elementor-widget-image\" data-id=\"f92f6df\" data-element_type=\"widget\" data-widget_type=\"image.default\">\n\t\t\t\t<div class=\"elementor-widget-container\">\n\t\t\t\t\t\t\t\t\t\t\t\t\t\t\t<img decoding=\"async\" width=\"800\" height=\"534\" src=\"https:\/\/swissh.com\/wp-content\/uploads\/2024\/11\/pexels-ifreestock-585753-1024x683.jpg\" class=\"attachment-large size-large wp-image-1265\" alt=\"\" srcset=\"https:\/\/swissh.com\/wp-content\/uploads\/2024\/11\/pexels-ifreestock-585753-1024x683.jpg 1024w, https:\/\/swissh.com\/wp-content\/uploads\/2024\/11\/pexels-ifreestock-585753-300x200.jpg 300w, https:\/\/swissh.com\/wp-content\/uploads\/2024\/11\/pexels-ifreestock-585753-768x512.jpg 768w, https:\/\/swissh.com\/wp-content\/uploads\/2024\/11\/pexels-ifreestock-585753-1536x1024.jpg 1536w, https:\/\/swissh.com\/wp-content\/uploads\/2024\/11\/pexels-ifreestock-585753-2048x1365.jpg 2048w, https:\/\/swissh.com\/wp-content\/uploads\/2024\/11\/pexels-ifreestock-585753-600x400.jpg 600w\" sizes=\"(max-width: 800px) 100vw, 800px\" \/>\t\t\t\t\t\t\t\t\t\t\t\t\t\t\t<\/div>\n\t\t\t\t<\/div>\n\t\t\t\t<\/div>\n\t\t\t\t<\/div>\n\t\t\t\t<div class=\"elementor-element elementor-element-61f14b2 elementor-widget elementor-widget-eael-divider\" data-id=\"61f14b2\" data-element_type=\"widget\" data-widget_type=\"eael-divider.default\">\n\t\t\t\t<div class=\"elementor-widget-container\">\n\t\t\t\t\t\t\t<div class=\"eael-divider-wrap divider-direction-horizontal\">\n\t\t\t\t\t\t\t<div class=\"eael-divider horizontal double\"><\/div>\n\t\t\t\t\t<\/div>\n\t\t\t\t<\/div>\n\t\t\t\t<\/div>\n\t\t<div class=\"elementor-element elementor-element-95d9ecf e-con-full e-flex e-con e-child\" data-id=\"95d9ecf\" data-element_type=\"container\">\n\t\t<div class=\"elementor-element elementor-element-ea940bc e-con-full e-flex e-con e-child\" data-id=\"ea940bc\" data-element_type=\"container\">\n\t\t\t\t<div class=\"elementor-element elementor-element-3b79648 elementor-widget elementor-widget-heading\" data-id=\"3b79648\" data-element_type=\"widget\" data-widget_type=\"heading.default\">\n\t\t\t\t<div class=\"elementor-widget-container\">\n\t\t\t\t\t<h2 class=\"elementor-heading-title elementor-size-default\">Distributeurs automatiques : un rafra\u00eechissement sans effort<\/h2>\t\t\t\t<\/div>\n\t\t\t\t<\/div>\n\t\t\t\t<div class=\"elementor-element elementor-element-69b7af7 elementor-widget elementor-widget-text-editor\" data-id=\"69b7af7\" data-element_type=\"widget\" data-widget_type=\"text-editor.default\">\n\t\t\t\t<div class=\"elementor-widget-container\">\n\t\t\t\t\t\t\t\t\t<h6><strong>Plus de go\u00fbt, moins d&#039;entretien<\/strong><\/h6>\nR\u00e9pondez \u00e0 des go\u00fbts divers avec <strong>sp\u00e9cialit\u00e9s de caf\u00e9, th\u00e9, soupe et boissons froides<\/strong> depuis votre distributeur automatique, le tout agr\u00e9ment\u00e9 de la qualit\u00e9 des filtres \u00e0 eau MAVEA. B\u00e9n\u00e9ficiez de :\n<ul style=\"margin-bottom: 10px; margin-top: 10px;\">\n \t<li><strong>Saveur am\u00e9lior\u00e9e<\/strong> qui distingue vos boissons.<\/li>\n \t<li>D\u00e9placements de service r\u00e9duits, gain de temps et d&#039;argent.<\/li>\n \t<li>Tranquillit\u00e9 d\u2019esprit sachant que votre machine fonctionne correctement.<\/li>\n<\/ul>\nAvec MAVEA, vous ne proposez pas seulement des rafra\u00eechissements : vous offrez une exp\u00e9rience de qualit\u00e9 que vos clients appr\u00e9cieront \u00e0 chaque fois.\t\t\t\t\t\t\t\t<\/div>\n\t\t\t\t<\/div>\n\t\t\t\t<\/div>\n\t\t<div class=\"elementor-element elementor-element-2d0822f e-con-full e-flex e-con e-child\" data-id=\"2d0822f\" data-element_type=\"container\">\n\t\t\t\t<div class=\"elementor-element elementor-element-a808b5d elementor-widget elementor-widget-image\" data-id=\"a808b5d\" data-element_type=\"widget\" data-widget_type=\"image.default\">\n\t\t\t\t<div class=\"elementor-widget-container\">\n\t\t\t\t\t\t\t\t\t\t\t\t\t\t\t<img decoding=\"async\" width=\"800\" height=\"912\" src=\"https:\/\/swissh.com\/wp-content\/uploads\/2024\/11\/genai_m4_eag_atn_v3_upload_img_55210129_11_20_2024_12_46_42_481012_8524073154505604391-898x1024.jpeg\" class=\"attachment-large size-large wp-image-1266\" alt=\"\" srcset=\"https:\/\/swissh.com\/wp-content\/uploads\/2024\/11\/genai_m4_eag_atn_v3_upload_img_55210129_11_20_2024_12_46_42_481012_8524073154505604391-898x1024.jpeg 898w, https:\/\/swissh.com\/wp-content\/uploads\/2024\/11\/genai_m4_eag_atn_v3_upload_img_55210129_11_20_2024_12_46_42_481012_8524073154505604391-263x300.jpeg 263w, https:\/\/swissh.com\/wp-content\/uploads\/2024\/11\/genai_m4_eag_atn_v3_upload_img_55210129_11_20_2024_12_46_42_481012_8524073154505604391-768x875.jpeg 768w, https:\/\/swissh.com\/wp-content\/uploads\/2024\/11\/genai_m4_eag_atn_v3_upload_img_55210129_11_20_2024_12_46_42_481012_8524073154505604391-600x684.jpeg 600w, https:\/\/swissh.com\/wp-content\/uploads\/2024\/11\/genai_m4_eag_atn_v3_upload_img_55210129_11_20_2024_12_46_42_481012_8524073154505604391.jpeg 1123w\" sizes=\"(max-width: 800px) 100vw, 800px\" \/>\t\t\t\t\t\t\t\t\t\t\t\t\t\t\t<\/div>\n\t\t\t\t<\/div>\n\t\t\t\t<\/div>\n\t\t\t\t<\/div>\n\t\t\t\t<div class=\"elementor-element elementor-element-8803cac elementor-widget elementor-widget-eael-divider\" data-id=\"8803cac\" data-element_type=\"widget\" data-widget_type=\"eael-divider.default\">\n\t\t\t\t<div class=\"elementor-widget-container\">\n\t\t\t\t\t\t\t<div class=\"eael-divider-wrap divider-direction-horizontal\">\n\t\t\t\t\t\t\t<div class=\"eael-divider horizontal double\"><\/div>\n\t\t\t\t\t<\/div>\n\t\t\t\t<\/div>\n\t\t\t\t<\/div>\n\t\t<div class=\"elementor-element elementor-element-0cc4c02 e-con-full e-flex e-con e-child\" data-id=\"0cc4c02\" data-element_type=\"container\">\n\t\t<div class=\"elementor-element elementor-element-2e6ea72 e-con-full e-flex e-con e-child\" data-id=\"2e6ea72\" data-element_type=\"container\">\n\t\t\t\t<div class=\"elementor-element elementor-element-6d3a369 elementor-widget elementor-widget-heading\" data-id=\"6d3a369\" data-element_type=\"widget\" data-widget_type=\"heading.default\">\n\t\t\t\t<div class=\"elementor-widget-container\">\n\t\t\t\t\t<h2 class=\"elementor-heading-title elementor-size-default\">Fours : l&#039;excellence culinaire<\/h2>\t\t\t\t<\/div>\n\t\t\t\t<\/div>\n\t\t\t\t<div class=\"elementor-element elementor-element-a62777c elementor-widget elementor-widget-text-editor\" data-id=\"a62777c\" data-element_type=\"widget\" data-widget_type=\"text-editor.default\">\n\t\t\t\t<div class=\"elementor-widget-container\">\n\t\t\t\t\t\t\t\t\t<h6><strong>Cuire au four, \u00e0 la vapeur et cuire \u00e0 la perfection<\/strong><\/h6>\nNe vous contentez pas de cuisiner, cr\u00e9ez <strong>chefs-d&#039;oeuvre<\/strong> avec une eau qui sublime vos recettes. Les filtres MAVEA fournissent une eau optimis\u00e9e pour :\n<ul style=\"margin-bottom: 10px; margin-top: 10px;\">\n \t<li><strong>Produits de boulangerie moelleux<\/strong> avec des cro\u00fbtes parfaitement dor\u00e9es.<\/li>\n \t<li><strong>L\u00e9gumes savoureux et croquants<\/strong> qui sont aussi nutritifs que d\u00e9licieux.<\/li>\n \t<li>Fonctionnement en douceur de votre four ou cuiseur vapeur, garantissant une durabilit\u00e9 \u00e0 long terme sans entretien suppl\u00e9mentaire.<\/li>\n<\/ul>\nChaque plat devient un festin pour les sens lorsqu&#039;il est pr\u00e9par\u00e9 avec <strong>Eau enrichie MAVEA<\/strong>Traitez vos clients et votre \u00e9quipement avec le soin qu\u2019ils m\u00e9ritent.\t\t\t\t\t\t\t\t<\/div>\n\t\t\t\t<\/div>\n\t\t\t\t<\/div>\n\t\t<div class=\"elementor-element elementor-element-10d3b1b e-con-full e-flex e-con e-child\" data-id=\"10d3b1b\" data-element_type=\"container\">\n\t\t\t\t<div class=\"elementor-element elementor-element-0d89797 elementor-widget elementor-widget-image\" data-id=\"0d89797\" data-element_type=\"widget\" data-widget_type=\"image.default\">\n\t\t\t\t<div class=\"elementor-widget-container\">\n\t\t\t\t\t\t\t\t\t\t\t\t\t\t\t<img loading=\"lazy\" decoding=\"async\" width=\"800\" height=\"800\" src=\"https:\/\/swissh.com\/wp-content\/uploads\/2024\/11\/overimg-1024x1024.png\" class=\"attachment-large size-large wp-image-1409\" alt=\"\" srcset=\"https:\/\/swissh.com\/wp-content\/uploads\/2024\/11\/overimg-e1732743460944.png 1024w, https:\/\/swissh.com\/wp-content\/uploads\/2024\/11\/overimg-e1732743460944-300x300.png 300w, https:\/\/swissh.com\/wp-content\/uploads\/2024\/11\/overimg-e1732743460944-150x150.png 150w, https:\/\/swissh.com\/wp-content\/uploads\/2024\/11\/overimg-e1732743460944-768x768.png 768w, https:\/\/swissh.com\/wp-content\/uploads\/2024\/11\/overimg-e1732743460944-12x12.png 12w, https:\/\/swissh.com\/wp-content\/uploads\/2024\/11\/overimg-e1732743460944-600x600.png 600w, https:\/\/swissh.com\/wp-content\/uploads\/2024\/11\/overimg-e1732743460944-100x100.png 100w\" sizes=\"(max-width: 800px) 100vw, 800px\" \/>\t\t\t\t\t\t\t\t\t\t\t\t\t\t\t<\/div>\n\t\t\t\t<\/div>\n\t\t\t\t<\/div>\n\t\t\t\t<\/div>\n\t\t\t\t<div class=\"elementor-element elementor-element-324fd22 elementor-widget elementor-widget-eael-divider\" data-id=\"324fd22\" data-element_type=\"widget\" data-widget_type=\"eael-divider.default\">\n\t\t\t\t<div class=\"elementor-widget-container\">\n\t\t\t\t\t\t\t<div class=\"eael-divider-wrap divider-direction-horizontal\">\n\t\t\t\t\t\t\t<div class=\"eael-divider horizontal double\"><\/div>\n\t\t\t\t\t<\/div>\n\t\t\t\t<\/div>\n\t\t\t\t<\/div>\n\t\t<div class=\"elementor-element elementor-element-ca6ac61 e-con-full e-flex e-con e-child\" data-id=\"ca6ac61\" data-element_type=\"container\">\n\t\t<div class=\"elementor-element elementor-element-3bea8e7 e-con-full e-flex e-con e-child\" data-id=\"3bea8e7\" data-element_type=\"container\">\n\t\t\t\t<div class=\"elementor-element elementor-element-7874dd1 elementor-widget elementor-widget-heading\" data-id=\"7874dd1\" data-element_type=\"widget\" data-widget_type=\"heading.default\">\n\t\t\t\t<div class=\"elementor-widget-container\">\n\t\t\t\t\t<h2 class=\"elementor-heading-title elementor-size-default\">Fontaines \u00e0 eau : une hydratation pure<\/h2>\t\t\t\t<\/div>\n\t\t\t\t<\/div>\n\t\t\t\t<div class=\"elementor-element elementor-element-4bc1621 elementor-widget elementor-widget-text-editor\" data-id=\"4bc1621\" data-element_type=\"widget\" data-widget_type=\"text-editor.default\">\n\t\t\t\t<div class=\"elementor-widget-container\">\n\t\t\t\t\t\t\t\t\t<h6><strong>Rafra\u00eechissement cristallin \u00e0 tout moment<\/strong><\/h6>\nRestez hydrat\u00e9 et rafra\u00eechi avec l\u2019eau la plus pure possible. <strong>Filtres \u00e0 eau MAVEA<\/strong> offrent une combinaison in\u00e9gal\u00e9e de go\u00fbt, de qualit\u00e9 et de protection :\n<ul style=\"margin-bottom: 10px; margin-top: 10px;\">\n \t<li>Livrer de l&#039;eau avec <strong>min\u00e9raux \u00e9quilibr\u00e9s<\/strong> et des ar\u00f4mes rafra\u00eechissants.<\/li>\n \t<li>Prot\u00e9gez votre glaci\u00e8re contre le tartre et les dommages, garantissant ainsi un fonctionnement fluide pendant des ann\u00e9es.<\/li>\n \t<li>Offrez \u00e0 votre bureau, \u00e0 votre centre commercial ou \u00e0 votre cabinet m\u00e9dical une eau qui \u00e9tanche la soif et laisse une impression durable.<\/li>\n<\/ul>\nDes espaces de bureau aux lieux publics, MAVEA garantit que votre fontaine \u00e0 eau r\u00e9pond \u00e0 vos attentes <strong>qualit\u00e9 exceptionnelle<\/strong> \u00e0 chaque versement.\t\t\t\t\t\t\t\t<\/div>\n\t\t\t\t<\/div>\n\t\t\t\t<\/div>\n\t\t<div class=\"elementor-element elementor-element-90e9c54 e-con-full e-flex e-con e-child\" data-id=\"90e9c54\" data-element_type=\"container\">\n\t\t\t\t<div class=\"elementor-element elementor-element-a02638f elementor-widget elementor-widget-image\" data-id=\"a02638f\" data-element_type=\"widget\" data-widget_type=\"image.default\">\n\t\t\t\t<div class=\"elementor-widget-container\">\n\t\t\t\t\t\t\t\t\t\t\t\t\t\t\t<img loading=\"lazy\" decoding=\"async\" width=\"800\" height=\"800\" src=\"https:\/\/swissh.com\/wp-content\/uploads\/2024\/11\/watercoolerimg-1024x1024.png\" class=\"attachment-large size-large wp-image-1411\" alt=\"\" srcset=\"https:\/\/swissh.com\/wp-content\/uploads\/2024\/11\/watercoolerimg-1024x1024.png 1024w, https:\/\/swissh.com\/wp-content\/uploads\/2024\/11\/watercoolerimg-300x300.png 300w, https:\/\/swissh.com\/wp-content\/uploads\/2024\/11\/watercoolerimg-150x150.png 150w, https:\/\/swissh.com\/wp-content\/uploads\/2024\/11\/watercoolerimg-768x768.png 768w, https:\/\/swissh.com\/wp-content\/uploads\/2024\/11\/watercoolerimg-12x12.png 12w, https:\/\/swissh.com\/wp-content\/uploads\/2024\/11\/watercoolerimg-600x600.png 600w, https:\/\/swissh.com\/wp-content\/uploads\/2024\/11\/watercoolerimg-100x100.png 100w, https:\/\/swissh.com\/wp-content\/uploads\/2024\/11\/watercoolerimg.png 1280w\" sizes=\"(max-width: 800px) 100vw, 800px\" \/>\t\t\t\t\t\t\t\t\t\t\t\t\t\t\t<\/div>\n\t\t\t\t<\/div>\n\t\t\t\t<\/div>\n\t\t\t\t<\/div>\n\t\t\t\t<div class=\"elementor-element elementor-element-6aa152c elementor-widget-divider--view-line elementor-widget elementor-widget-divider\" data-id=\"6aa152c\" data-element_type=\"widget\" data-widget_type=\"divider.default\">\n\t\t\t\t<div class=\"elementor-widget-container\">\n\t\t\t\t\t\t\t<div class=\"elementor-divider\">\n\t\t\t<span class=\"elementor-divider-separator\">\n\t\t\t\t\t\t<\/span>\n\t\t<\/div>\n\t\t\t\t\t\t<\/div>\n\t\t\t\t<\/div>\n\t\t\t\t\t<\/div>\n\t\t\t\t<\/div>\n\t\t<div class=\"elementor-element elementor-element-1fe5b24 e-flex e-con-boxed e-con e-parent\" data-id=\"1fe5b24\" data-element_type=\"container\">\n\t\t\t\t\t<div class=\"e-con-inner\">\n\t\t\t\t<div class=\"elementor-element elementor-element-20931f4 elementor-widget elementor-widget-spacer\" data-id=\"20931f4\" data-element_type=\"widget\" data-widget_type=\"spacer.default\">\n\t\t\t\t<div class=\"elementor-widget-container\">\n\t\t\t\t\t\t\t<div class=\"elementor-spacer\">\n\t\t\t<div class=\"elementor-spacer-inner\"><\/div>\n\t\t<\/div>\n\t\t\t\t\t\t<\/div>\n\t\t\t\t<\/div>\n\t\t\t\t<div class=\"elementor-element elementor-element-e8c9a37 elementor-widget elementor-widget-heading\" data-id=\"e8c9a37\" data-element_type=\"widget\" data-widget_type=\"heading.default\">\n\t\t\t\t<div class=\"elementor-widget-container\">\n\t\t\t\t\t<h2 class=\"elementor-heading-title elementor-size-default\">VOUS VOULEZ PASSER UNE COMMANDE AUJOURD'HUI ?<\/h2>\t\t\t\t<\/div>\n\t\t\t\t<\/div>\n\t\t\t\t<div class=\"elementor-element elementor-element-9649ccc elementor-align-center elementor-widget elementor-widget-button\" data-id=\"9649ccc\" data-element_type=\"widget\" data-widget_type=\"button.default\">\n\t\t\t\t<div class=\"elementor-widget-container\">\n\t\t\t\t\t\t\t\t\t<div class=\"elementor-button-wrapper\">\n\t\t\t\t\t<a class=\"elementor-button elementor-button-link elementor-size-sm elementor-animation-grow\" href=\"https:\/\/swissh.com\/fr\/orderform\/\">\n\t\t\t\t\t\t<span class=\"elementor-button-content-wrapper\">\n\t\t\t\t\t\t\t\t\t<span class=\"elementor-button-text\">COMMANDEZ MAINTENANT<\/span>\n\t\t\t\t\t<\/span>\n\t\t\t\t\t<\/a>\n\t\t\t\t<\/div>\n\t\t\t\t\t\t\t\t<\/div>\n\t\t\t\t<\/div>\n\t\t\t\t<div class=\"elementor-element elementor-element-5a8c464 elementor-widget elementor-widget-spacer\" data-id=\"5a8c464\" data-element_type=\"widget\" data-widget_type=\"spacer.default\">\n\t\t\t\t<div class=\"elementor-widget-container\">\n\t\t\t\t\t\t\t<div class=\"elementor-spacer\">\n\t\t\t<div class=\"elementor-spacer-inner\"><\/div>\n\t\t<\/div>\n\t\t\t\t\t\t<\/div>\n\t\t\t\t<\/div>\n\t\t\t\t\t<\/div>\n\t\t\t\t<\/div>\n\t\t\t\t<\/div>","protected":false},"excerpt":{"rendered":"<p>MAVEA Excellence in Water Filtration Premium Water Solutions for Everyday Appliances MAVEA Professional provides top-notch solutions for out-of-home water filtration, tailored for diverse applications including coffee machines, ovens, and dishwashers. The PURITY filter portfolio optimizes water quality, preventing limescale buildup and extending the lifespan of your equipment. With over 40 years of global expertise, MAVEA&#8217;s [&hellip;]<\/p>","protected":false},"author":1,"featured_media":0,"parent":0,"menu_order":0,"comment_status":"closed","ping_status":"closed","template":"","meta":{"footnotes":""},"class_list":["post-1195","page","type-page","status-publish","hentry"],"_links":{"self":[{"href":"https:\/\/swissh.com\/fr\/wp-json\/wp\/v2\/pages\/1195","targetHints":{"allow":["GET"]}}],"collection":[{"href":"https:\/\/swissh.com\/fr\/wp-json\/wp\/v2\/pages"}],"about":[{"href":"https:\/\/swissh.com\/fr\/wp-json\/wp\/v2\/types\/page"}],"author":[{"embeddable":true,"href":"https:\/\/swissh.com\/fr\/wp-json\/wp\/v2\/users\/1"}],"replies":[{"embeddable":true,"href":"https:\/\/swissh.com\/fr\/wp-json\/wp\/v2\/comments?post=1195"}],"version-history":[{"count":0,"href":"https:\/\/swissh.com\/fr\/wp-json\/wp\/v2\/pages\/1195\/revisions"}],"wp:attachment":[{"href":"https:\/\/swissh.com\/fr\/wp-json\/wp\/v2\/media?parent=1195"}],"curies":[{"name":"wp","href":"https:\/\/api.w.org\/{rel}","templated":true}]}}